{"id":1384,"date":"2020-07-08T10:29:12","date_gmt":"2020-07-08T09:29:12","guid":{"rendered":"https:\/\/www.comitedequartiermessidor.be\/?page_id=1384"},"modified":"2024-01-17T23:34:12","modified_gmt":"2024-01-17T22:34:12","slug":"partenaires","status":"publish","type":"page","link":"https:\/\/www.comitedequartiermessidor.be\/?page_id=1384","title":{"rendered":"Nos partenaires"},"content":{"rendered":"\n<p style=\"text-align: left;\"><a href=\"http:\/\/www.environnement.brussels\/thematiques\/alimentation\/action-de-la-region\/strategie-good-food-vers-un-systeme-alimentaire-plus\">Good Food BXL environnement<\/a><\/p>\n<p style=\"text-align: left;\"><a href=\"http:\/\/www.planbusstib.be\/ligne\/74\">Plan STIB ligne 74<\/a><\/p>\n<p style=\"text-align: left;\"><a href=\"http:\/\/www.tournevie.be\/francais\/#intro\">Tournevie : pr\u00eat de mat\u00e9riel<\/a><\/p>\n<p style=\"text-align: left;\"><a href=\"http:\/\/www.environnement.brussels\/\">Bruxelles environnement<\/a><\/p>\n<p style=\"text-align: left;\"><a href=\"http:\/\/www.citeforestvert.be\/\">Nos voisins Cit\u00e9 Forest Vert<\/a><\/p>\n<p style=\"text-align: left;\"><a href=\"http:\/\/www.kbs-frb.be\/fund.aspx?id=293672&amp;langtype=2060\">Fonds Delhaize<\/a><\/p>\n\n\n\n<h1 style=\"text-align: left;\">Liens utiles<\/h1>\n<p style=\"text-align: left;\"><a href=\"http:\/\/www.planbusstib.be\/ligne\/74\">Plan STIB ligne 74<\/a><\/p>\n","protected":false},"excerpt":{"rendered":"<p>Good Food BXL environnement Plan STIB ligne 74 Tournevie : pr\u00eat de mat\u00e9riel Bruxelles environnement Nos voisins Cit\u00e9 Forest Vert Fonds Delhaize Liens utiles Plan STIB ligne 74<\/p>\n","protected":false},"author":1,"featured_media":0,"parent":1535,"menu_order":2,"comment_status":"closed","ping_status":"closed","template":"","meta":{"jetpack_post_was_ever_published":true,"footnotes":""},"folder":[],"jetpack_sharing_enabled":true,"_links":{"self":[{"href":"https:\/\/www.comitedequartiermessidor.be\/index.php?rest_route=\/wp\/v2\/pages\/1384"}],"collection":[{"href":"https:\/\/www.comitedequartiermessidor.be\/index.php?rest_route=\/wp\/v2\/pages"}],"about":[{"href":"https:\/\/www.comitedequartiermessidor.be\/index.php?rest_route=\/wp\/v2\/types\/page"}],"author":[{"embeddable":true,"href":"https:\/\/www.comitedequartiermessidor.be\/index.php?rest_route=\/wp\/v2\/users\/1"}],"replies":[{"embeddable":true,"href":"https:\/\/www.comitedequartiermessidor.be\/index.php?rest_route=%2Fwp%2Fv2%2Fcomments&post=1384"}],"version-history":[{"count":3,"href":"https:\/\/www.comitedequartiermessidor.be\/index.php?rest_route=\/wp\/v2\/pages\/1384\/revisions"}],"predecessor-version":[{"id":1552,"href":"https:\/\/www.comitedequartiermessidor.be\/index.php?rest_route=\/wp\/v2\/pages\/1384\/revisions\/1552"}],"up":[{"embeddable":true,"href":"https:\/\/www.comitedequartiermessidor.be\/index.php?rest_route=\/wp\/v2\/pages\/1535"}],"wp:attachment":[{"href":"https:\/\/www.comitedequartiermessidor.be\/index.php?rest_route=%2Fwp%2Fv2%2Fmedia&parent=1384"}],"wp:term":[{"taxonomy":"folder","embeddable":true,"href":"https:\/\/www.comitedequartiermessidor.be\/index.php?rest_route=%2Fwp%2Fv2%2Ffolder&post=1384"}],"curies":[{"name":"wp","href":"https:\/\/api.w.org\/{rel}","templated":true}]}}